{"id":25542,"date":"2025-06-06T17:29:25","date_gmt":"2025-06-06T17:29:25","guid":{"rendered":"http:\/\/www.drzubeydekuru.com\/?page_id=25542"},"modified":"2025-06-06T17:30:25","modified_gmt":"2025-06-06T17:30:25","slug":"prp","status":"publish","type":"page","link":"https:\/\/www.drzubeydekuru.com\/en\/prp\/","title":{"rendered":"PRP"},"content":{"rendered":"<div data-elementor-type=\"wp-page\" data-elementor-id=\"25542\" class=\"elementor elementor-25542\">\n\t\t\t\t<div class=\"elementor-element elementor-element-09c0c83 e-flex e-con-boxed e-con e-parent\" data-id=\"09c0c83\" data-element_type=\"container\">\n\t\t\t\t\t<div class=\"e-con-inner\">\n\t\t\t\t<div class=\"elementor-element elementor-element-c3684e2 elementor-widget elementor-widget-image\" data-id=\"c3684e2\" data-element_type=\"widget\" data-widget_type=\"image.default\">\n\t\t\t\t<div class=\"elementor-widget-container\">\n\t\t\t\t\t\t\t\t\t\t\t\t\t\t\t<img fetchpriority=\"high\" decoding=\"async\" width=\"1024\" height=\"347\" src=\"https:\/\/www.drzubeydekuru.com\/wp-content\/uploads\/2025\/06\/7-1024x347.jpg\" class=\"attachment-large size-large wp-image-25537\" alt=\"\" srcset=\"https:\/\/www.drzubeydekuru.com\/wp-content\/uploads\/2025\/06\/7-1024x347.jpg 1024w, https:\/\/www.drzubeydekuru.com\/wp-content\/uploads\/2025\/06\/7-300x102.jpg 300w, https:\/\/www.drzubeydekuru.com\/wp-content\/uploads\/2025\/06\/7-768x260.jpg 768w, https:\/\/www.drzubeydekuru.com\/wp-content\/uploads\/2025\/06\/7-1536x520.jpg 1536w, https:\/\/www.drzubeydekuru.com\/wp-content\/uploads\/2025\/06\/7-2048x693.jpg 2048w\" sizes=\"(max-width: 1024px) 100vw, 1024px\" \/>\t\t\t\t\t\t\t\t\t\t\t\t\t\t\t<\/div>\n\t\t\t\t<\/div>\n\t\t\t\t\t<\/div>\n\t\t\t\t<\/div>\n\t\t<div class=\"elementor-element elementor-element-74bb56b e-flex e-con-boxed e-con e-parent\" data-id=\"74bb56b\" data-element_type=\"container\">\n\t\t\t\t\t<div class=\"e-con-inner\">\n\t\t\t\t<div class=\"elementor-element elementor-element-788c024 elementor-widget elementor-widget-heading\" data-id=\"788c024\" data-element_type=\"widget\" data-widget_type=\"heading.default\">\n\t\t\t\t<div class=\"elementor-widget-container\">\n\t\t\t\t\t<h2 class=\"elementor-heading-title elementor-size-default\">Prp<\/h2>\t\t\t\t<\/div>\n\t\t\t\t<\/div>\n\t\t\t\t\t<\/div>\n\t\t\t\t<\/div>\n\t\t<div class=\"elementor-element elementor-element-bd5c1c0 e-flex e-con-boxed e-con e-parent\" data-id=\"bd5c1c0\" data-element_type=\"container\">\n\t\t\t\t\t<div class=\"e-con-inner\">\n\t\t\t\t<div class=\"elementor-element elementor-element-c0ae1c6 elementor-widget elementor-widget-text-editor\" data-id=\"c0ae1c6\" data-element_type=\"widget\" data-widget_type=\"text-editor.default\">\n\t\t\t\t<div class=\"elementor-widget-container\">\n\t\t\t\t\t\t\t\t\t<p data-start=\"133\" data-end=\"513\"><strong data-start=\"133\" data-end=\"170\">What is PRP (Platelet Rich Plasma)?<\/strong><br data-start=\"170\" data-end=\"173\" \/>PRP is a natural and effective treatment method in which platelet-rich plasma obtained from a person's own blood is injected under the skin to support tissue renewal and repair. Thanks to the growth factors found in the blood, the skin begins to repair itself, collagen production increases, and a more vibrant, bright, and firm appearance emerges<\/p><p data-start=\"515\" data-end=\"534\"><strong data-start=\"515\" data-end=\"532\">What Is It Used For?<\/strong><\/p><ul data-start=\"535\" data-end=\"823\"><li data-start=\"535\" data-end=\"582\"><p data-start=\"537\" data-end=\"582\">Accelerates skin regeneration and repair<\/p><\/li><li data-start=\"583\" data-end=\"635\"><p data-start=\"585\" data-end=\"635\">Reduces the appearance of fine lines and wrinkles<\/p><\/li><li data-start=\"636\" data-end=\"701\"><p data-start=\"638\" data-end=\"701\">Improves under-eye circles and skin tone inequalities<\/p><\/li><li data-start=\"702\" data-end=\"757\"><p data-start=\"704\" data-end=\"757\">Stops hair loss, strengthens hair roots<\/p><\/li><li data-start=\"758\" data-end=\"823\"><p data-start=\"760\" data-end=\"823\">Helps to remove blemishes, acne scars and scars<\/p><\/li><\/ul><p data-start=\"825\" data-end=\"1125\"><strong data-start=\"825\" data-end=\"854\">Application Duration and Effect<\/strong><br data-start=\"854\" data-end=\"857\" \/>The PRP procedure takes approximately 30\u201340 minutes. There may be slight redness after the application, but this usually goes away within 1\u20132 days. The first effects are observed within 1\u20132 weeks, and full results become apparent after 3\u20134 sessions. Sessions are usually applied at 3\u20134 week intervals.<\/p><p data-start=\"1127\" data-end=\"1355\"><strong data-start=\"1127\" data-end=\"1152\">Who is it suitable for?<\/strong><br data-start=\"1152\" data-end=\"1155\" \/>PRP is suitable for all individuals, both men and women, who want to rejuvenate their skin, delay signs of aging or prevent hair loss. Since the person's own blood is used, the risk of allergy is minimal.<\/p><p data-start=\"1357\" data-end=\"1445\">\u00a0<\/p>\t\t\t\t\t\t\t\t<\/div>\n\t\t\t\t<\/div>\n\t\t\t\t\t<\/div>\n\t\t\t\t<\/div>\n\t\t\t\t<\/div>","protected":false},"excerpt":{"rendered":"<p>Prp PRP (Platelet Rich Plasma) Nedir?PRP, ki\u015finin kendi kan\u0131ndan elde edilen trombosit y\u00f6n\u00fcnden zengin plazman\u0131n, cilt alt\u0131na enjekte edilerek doku [&hellip;]<\/p>","protected":false},"author":1,"featured_media":0,"parent":0,"menu_order":0,"comment_status":"closed","ping_status":"closed","template":"","meta":{"site-sidebar-layout":"no-sidebar","site-content-layout":"page-builder","ast-site-content-layout":"full-width-container","site-content-style":"default","site-sidebar-style":"default","ast-global-header-display":"","ast-banner-title-visibility":"","ast-main-header-display":"","ast-hfb-above-header-display":"","ast-hfb-below-header-display":"","ast-hfb-mobile-header-display":"","site-post-title":"disabled","ast-breadcrumbs-content":"","ast-featured-img":"disabled","footer-sml-layout":"","theme-transparent-header-meta":"","adv-header-id-meta":"","stick-header-meta":"","header-above-stick-meta":"","header-main-stick-meta":"","header-below-stick-meta":"","astra-migrate-meta-layouts":"default","ast-page-background-enabled":"default","ast-page-background-meta":{"desktop":{"background-color":"var(--ast-global-color-4)","background-image":"","background-repeat":"repeat","background-position":"center center","background-size":"auto","background-attachment":"scroll","background-type":"","background-media":"","overlay-type":"","overlay-color":"","overlay-opacity":"","overlay-gradient":""},"tablet":{"background-color":"","background-image":"","background-repeat":"repeat","background-position":"center center","background-size":"auto","background-attachment":"scroll","background-type":"","background-media":"","overlay-type":"","overlay-color":"","overlay-opacity":"","overlay-gradient":""},"mobile":{"background-color":"","background-image":"","background-repeat":"repeat","background-position":"center center","background-size":"auto","background-attachment":"scroll","background-type":"","background-media":"","overlay-type":"","overlay-color":"","overlay-opacity":"","overlay-gradient":""}},"ast-content-background-meta":{"desktop":{"background-color":"var(--ast-global-color-5)","background-image":"","background-repeat":"repeat","background-position":"center center","background-size":"auto","background-attachment":"scroll","background-type":"","background-media":"","overlay-type":"","overlay-color":"","overlay-opacity":"","overlay-gradient":""},"tablet":{"background-color":"var(--ast-global-color-5)","background-image":"","background-repeat":"repeat","background-position":"center center","background-size":"auto","background-attachment":"scroll","background-type":"","background-media":"","overlay-type":"","overlay-color":"","overlay-opacity":"","overlay-gradient":""},"mobile":{"background-color":"var(--ast-global-color-5)","background-image":"","background-repeat":"repeat","background-position":"center center","background-size":"auto","background-attachment":"scroll","background-type":"","background-media":"","overlay-type":"","overlay-color":"","overlay-opacity":"","overlay-gradient":""}},"footnotes":""},"class_list":["post-25542","page","type-page","status-publish","hentry"],"_links":{"self":[{"href":"https:\/\/www.drzubeydekuru.com\/en\/wp-json\/wp\/v2\/pages\/25542","targetHints":{"allow":["GET"]}}],"collection":[{"href":"https:\/\/www.drzubeydekuru.com\/en\/wp-json\/wp\/v2\/pages"}],"about":[{"href":"https:\/\/www.drzubeydekuru.com\/en\/wp-json\/wp\/v2\/types\/page"}],"author":[{"embeddable":true,"href":"https:\/\/www.drzubeydekuru.com\/en\/wp-json\/wp\/v2\/users\/1"}],"replies":[{"embeddable":true,"href":"https:\/\/www.drzubeydekuru.com\/en\/wp-json\/wp\/v2\/comments?post=25542"}],"version-history":[{"count":4,"href":"https:\/\/www.drzubeydekuru.com\/en\/wp-json\/wp\/v2\/pages\/25542\/revisions"}],"predecessor-version":[{"id":25546,"href":"https:\/\/www.drzubeydekuru.com\/en\/wp-json\/wp\/v2\/pages\/25542\/revisions\/25546"}],"wp:attachment":[{"href":"https:\/\/www.drzubeydekuru.com\/en\/wp-json\/wp\/v2\/media?parent=25542"}],"curies":[{"name":"wp","href":"https:\/\/api.w.org\/{rel}","templated":true}]}}