{"id":25531,"date":"2025-06-06T17:27:22","date_gmt":"2025-06-06T17:27:22","guid":{"rendered":"http:\/\/www.drzubeydekuru.com\/?page_id=25531"},"modified":"2025-06-06T17:28:34","modified_gmt":"2025-06-06T17:28:34","slug":"mesotherapy","status":"publish","type":"page","link":"https:\/\/www.drzubeydekuru.com\/en\/mesotherapy\/","title":{"rendered":"Mesotherapy"},"content":{"rendered":"<div data-elementor-type=\"wp-page\" data-elementor-id=\"25531\" class=\"elementor elementor-25531\">\n\t\t\t\t<div class=\"elementor-element elementor-element-cdb3022 e-flex e-con-boxed e-con e-parent\" data-id=\"cdb3022\" data-element_type=\"container\">\n\t\t\t\t\t<div class=\"e-con-inner\">\n\t\t\t\t<div class=\"elementor-element elementor-element-fd19f09 elementor-widget elementor-widget-image\" data-id=\"fd19f09\" data-element_type=\"widget\" data-widget_type=\"image.default\">\n\t\t\t\t<div class=\"elementor-widget-container\">\n\t\t\t\t\t\t\t\t\t\t\t\t\t\t\t<img fetchpriority=\"high\" decoding=\"async\" width=\"1024\" height=\"347\" src=\"https:\/\/www.drzubeydekuru.com\/wp-content\/uploads\/2025\/06\/6-1024x347.jpg\" class=\"attachment-large size-large wp-image-25538\" alt=\"\" srcset=\"https:\/\/www.drzubeydekuru.com\/wp-content\/uploads\/2025\/06\/6-1024x347.jpg 1024w, https:\/\/www.drzubeydekuru.com\/wp-content\/uploads\/2025\/06\/6-300x102.jpg 300w, https:\/\/www.drzubeydekuru.com\/wp-content\/uploads\/2025\/06\/6-768x260.jpg 768w, https:\/\/www.drzubeydekuru.com\/wp-content\/uploads\/2025\/06\/6-1536x520.jpg 1536w, https:\/\/www.drzubeydekuru.com\/wp-content\/uploads\/2025\/06\/6-2048x693.jpg 2048w\" sizes=\"(max-width: 1024px) 100vw, 1024px\" \/>\t\t\t\t\t\t\t\t\t\t\t\t\t\t\t<\/div>\n\t\t\t\t<\/div>\n\t\t\t\t\t<\/div>\n\t\t\t\t<\/div>\n\t\t<div class=\"elementor-element elementor-element-0d4ab5e e-flex e-con-boxed e-con e-parent\" data-id=\"0d4ab5e\" data-element_type=\"container\">\n\t\t\t\t\t<div class=\"e-con-inner\">\n\t\t\t\t<div class=\"elementor-element elementor-element-1790771 elementor-widget elementor-widget-heading\" data-id=\"1790771\" data-element_type=\"widget\" data-widget_type=\"heading.default\">\n\t\t\t\t<div class=\"elementor-widget-container\">\n\t\t\t\t\t<h2 class=\"elementor-heading-title elementor-size-default\">Mesotherapy<\/h2>\t\t\t\t<\/div>\n\t\t\t\t<\/div>\n\t\t\t\t\t<\/div>\n\t\t\t\t<\/div>\n\t\t<div class=\"elementor-element elementor-element-6d800ba e-flex e-con-boxed e-con e-parent\" data-id=\"6d800ba\" data-element_type=\"container\">\n\t\t\t\t\t<div class=\"e-con-inner\">\n\t\t\t\t<div class=\"elementor-element elementor-element-5f1f461 elementor-widget elementor-widget-text-editor\" data-id=\"5f1f461\" data-element_type=\"widget\" data-widget_type=\"text-editor.default\">\n\t\t\t\t<div class=\"elementor-widget-container\">\n\t\t\t\t\t\t\t\t\t<p data-start=\"109\" data-end=\"517\" class=\"translation-block\">What is Mesotherapy?\nMesotherapy is a medical treatment that involves injecting active substances such as vitamins, minerals, amino acids, enzymes, and hyaluronic acid into the skin using fine needles. This method nourishes and repairs the skin from within. Thanks to this specially prepared mixture tailored to the skin's needs, dull, tired, dehydrated, and loss-of-elasticity skin becomes more vibrant, radiant, and youthful in appearance.<\/p><p data-start=\"519\" data-end=\"538\"><strong data-start=\"519\" data-end=\"536\">What Is It Used For?<\/strong><\/p><ul data-start=\"539\" data-end=\"829\"><li data-start=\"539\" data-end=\"586\"><p data-start=\"541\" data-end=\"586\">It evens out skin tone and adds radiance.<\/p><\/li><li data-start=\"587\" data-end=\"643\"><p data-start=\"589\" data-end=\"643\">It restores moisture loss and deeply hydrates the skin.<\/p><\/li><li data-start=\"644\" data-end=\"701\"><p data-start=\"646\" data-end=\"701\">It reduces the appearance of fine lines and wrinkles.<\/p><\/li><li data-start=\"702\" data-end=\"775\"><p data-start=\"704\" data-end=\"775\">It promotes rejuvenation in sensitive areas such as the eye contour, neck, and d\u00e9collet\u00e9.<\/p><\/li><li data-start=\"776\" data-end=\"829\"><p data-start=\"778\" data-end=\"829\">It can also be applied to the scalp to combat hair loss.<\/p><\/li><\/ul><p data-start=\"831\" data-end=\"1157\" class=\"translation-block\">Duration and Effects of the Treatment\nMesotherapy sessions typically last between 15 and 30 minutes. Mild redness may occur after the procedure, but the person can immediately return to their social activities. The effects usually become noticeable after 2\u20133 sessions, with 4\u20136 sessions recommended for optimal results. Depending on the skin type, the results can last between 6 and 12 months.<\/p><p data-start=\"1159\" data-end=\"1395\"><strong data-start=\"1159\" data-end=\"1184\">Who is it suitable for?<\/strong><br data-start=\"1184\" data-end=\"1187\" \/>It is suitable for anyone looking to improve skin quality and renew damaged or aging skin. It is especially preferred by those seeking a non-surgical yet effective rejuvenation.<\/p>\t\t\t\t\t\t\t\t<\/div>\n\t\t\t\t<\/div>\n\t\t\t\t\t<\/div>\n\t\t\t\t<\/div>\n\t\t\t\t<\/div>","protected":false},"excerpt":{"rendered":"<p>Mezoterapi Mezoterapi Nedir?Mezoterapi, cilt alt\u0131na ince i\u011fneler yard\u0131m\u0131yla vitamin, mineral, aminoasit, enzim ve hyaluronik asit gibi aktif maddelerin enjekte edilmesiyle [&hellip;]<\/p>","protected":false},"author":1,"featured_media":0,"parent":0,"menu_order":0,"comment_status":"closed","ping_status":"closed","template":"","meta":{"site-sidebar-layout":"no-sidebar","site-content-layout":"page-builder","ast-site-content-layout":"full-width-container","site-content-style":"default","site-sidebar-style":"default","ast-global-header-display":"","ast-banner-title-visibility":"","ast-main-header-display":"","ast-hfb-above-header-display":"","ast-hfb-below-header-display":"","ast-hfb-mobile-header-display":"","site-post-title":"disabled","ast-breadcrumbs-content":"","ast-featured-img":"disabled","footer-sml-layout":"","theme-transparent-header-meta":"","adv-header-id-meta":"","stick-header-meta":"","header-above-stick-meta":"","header-main-stick-meta":"","header-below-stick-meta":"","astra-migrate-meta-layouts":"set","ast-page-background-enabled":"default","ast-page-background-meta":{"desktop":{"background-color":"var(--ast-global-color-4)","background-image":"","background-repeat":"repeat","background-position":"center center","background-size":"auto","background-attachment":"scroll","background-type":"","background-media":"","overlay-type":"","overlay-color":"","overlay-opacity":"","overlay-gradient":""},"tablet":{"background-color":"","background-image":"","background-repeat":"repeat","background-position":"center center","background-size":"auto","background-attachment":"scroll","background-type":"","background-media":"","overlay-type":"","overlay-color":"","overlay-opacity":"","overlay-gradient":""},"mobile":{"background-color":"","background-image":"","background-repeat":"repeat","background-position":"center center","background-size":"auto","background-attachment":"scroll","background-type":"","background-media":"","overlay-type":"","overlay-color":"","overlay-opacity":"","overlay-gradient":""}},"ast-content-background-meta":{"desktop":{"background-color":"var(--ast-global-color-5)","background-image":"","background-repeat":"repeat","background-position":"center center","background-size":"auto","background-attachment":"scroll","background-type":"","background-media":"","overlay-type":"","overlay-color":"","overlay-opacity":"","overlay-gradient":""},"tablet":{"background-color":"var(--ast-global-color-5)","background-image":"","background-repeat":"repeat","background-position":"center center","background-size":"auto","background-attachment":"scroll","background-type":"","background-media":"","overlay-type":"","overlay-color":"","overlay-opacity":"","overlay-gradient":""},"mobile":{"background-color":"var(--ast-global-color-5)","background-image":"","background-repeat":"repeat","background-position":"center center","background-size":"auto","background-attachment":"scroll","background-type":"","background-media":"","overlay-type":"","overlay-color":"","overlay-opacity":"","overlay-gradient":""}},"footnotes":""},"class_list":["post-25531","page","type-page","status-publish","hentry"],"_links":{"self":[{"href":"https:\/\/www.drzubeydekuru.com\/en\/wp-json\/wp\/v2\/pages\/25531","targetHints":{"allow":["GET"]}}],"collection":[{"href":"https:\/\/www.drzubeydekuru.com\/en\/wp-json\/wp\/v2\/pages"}],"about":[{"href":"https:\/\/www.drzubeydekuru.com\/en\/wp-json\/wp\/v2\/types\/page"}],"author":[{"embeddable":true,"href":"https:\/\/www.drzubeydekuru.com\/en\/wp-json\/wp\/v2\/users\/1"}],"replies":[{"embeddable":true,"href":"https:\/\/www.drzubeydekuru.com\/en\/wp-json\/wp\/v2\/comments?post=25531"}],"version-history":[{"count":4,"href":"https:\/\/www.drzubeydekuru.com\/en\/wp-json\/wp\/v2\/pages\/25531\/revisions"}],"predecessor-version":[{"id":25541,"href":"https:\/\/www.drzubeydekuru.com\/en\/wp-json\/wp\/v2\/pages\/25531\/revisions\/25541"}],"wp:attachment":[{"href":"https:\/\/www.drzubeydekuru.com\/en\/wp-json\/wp\/v2\/media?parent=25531"}],"curies":[{"name":"wp","href":"https:\/\/api.w.org\/{rel}","templated":true}]}}