{"id":239,"date":"2025-05-23T19:19:51","date_gmt":"2025-05-23T19:19:51","guid":{"rendered":"http:\/\/www.drzubeydekuru.com\/about-2\/"},"modified":"2025-06-20T12:49:50","modified_gmt":"2025-06-20T12:49:50","slug":"about-2","status":"publish","type":"page","link":"https:\/\/www.drzubeydekuru.com\/en\/about-2\/","title":{"rendered":"About"},"content":{"rendered":"<div data-elementor-type=\"wp-page\" data-elementor-id=\"239\" class=\"elementor elementor-239\">\n\t\t\t\t<div class=\"elementor-element elementor-element-8fd5308 e-flex e-con-boxed e-con e-parent\" data-id=\"8fd5308\" data-element_type=\"container\" data-settings=\"{&quot;background_background&quot;:&quot;classic&quot;}\">\n\t\t\t\t\t<div class=\"e-con-inner\">\n\t\t<div class=\"elementor-element elementor-element-17ced38 e-con-full e-flex e-con e-child\" data-id=\"17ced38\" data-element_type=\"container\">\n\t\t\t\t<div class=\"elementor-element elementor-element-2b7c4ba elementor-widget elementor-widget-heading\" data-id=\"2b7c4ba\" data-element_type=\"widget\" data-widget_type=\"heading.default\">\n\t\t\t\t<div class=\"elementor-widget-container\">\n\t\t\t\t\t<h1 class=\"elementor-heading-title elementor-size-default\">Dr. Z\u00fcbeyde Kuru<\/h1>\t\t\t\t<\/div>\n\t\t\t\t<\/div>\n\t\t\t\t<\/div>\n\t\t\t\t\t<\/div>\n\t\t\t\t<\/div>\n\t\t<div class=\"elementor-element elementor-element-b83d38b e-flex e-con-boxed e-con e-parent\" data-id=\"b83d38b\" data-element_type=\"container\" data-settings=\"{&quot;background_background&quot;:&quot;classic&quot;}\">\n\t\t\t\t\t<div class=\"e-con-inner\">\n\t\t<div class=\"elementor-element elementor-element-a80f695 e-con-full e-flex e-con e-child\" data-id=\"a80f695\" data-element_type=\"container\">\n\t\t<div class=\"elementor-element elementor-element-5af9fc9 e-flex e-con-boxed e-con e-child\" data-id=\"5af9fc9\" data-element_type=\"container\">\n\t\t\t\t\t<div class=\"e-con-inner\">\n\t\t\t\t<div class=\"elementor-element elementor-element-0202b07 elementor-widget elementor-widget-text-editor\" data-id=\"0202b07\" data-element_type=\"widget\" data-widget_type=\"text-editor.default\">\n\t\t\t\t<div class=\"elementor-widget-container\">\n\t\t\t\t\t\t\t\t\t<p>I completed my medical education in 2010, graduating from Abant \u0130zzet Baysal University Faculty of Medicine. Following my graduation, I began my professional career at the Emergency Department of Ordu State Hospital, where I fulfilled my compulsory service by working for approximately three years.<\/p><p>Later, I received certified training in mesotherapy and ozone therapy at Medipol University. At the same time, I am an authorized physician in aesthetic and cosmetic applications approved by the Republic of Turkey Ministry of Health.<\/p><p>I continued my education in Italy, completing a Master's degree in \u201cAesthetic Medicine and Anti-Aging\u201d at the Universit\u00e0 di Camerino. I have made it a priority to keep my knowledge up to date by attending numerous courses, congresses, seminars, and training programs both in Turkey and abroad.<\/p><p>Currently, I serve my clients at my own clinic in Ata\u015fehir, Istanbul, offering medical treatments, aesthetic procedures, and anti-aging protocols. My approach is based on scientific foundations, focusing on safe and natural results, with the goal of helping each individual feel their very best.<\/p>\t\t\t\t\t\t\t\t<\/div>\n\t\t\t\t<\/div>\n\t\t\t\t<div class=\"elementor-element elementor-element-e405f9e elementor-widget elementor-widget-image-carousel\" data-id=\"e405f9e\" data-element_type=\"widget\" data-settings=\"{&quot;slides_to_show&quot;:&quot;1&quot;,&quot;slides_to_show_tablet&quot;:&quot;1&quot;,&quot;navigation&quot;:&quot;none&quot;,&quot;autoplay&quot;:&quot;yes&quot;,&quot;pause_on_hover&quot;:&quot;yes&quot;,&quot;pause_on_interaction&quot;:&quot;yes&quot;,&quot;autoplay_speed&quot;:5000,&quot;infinite&quot;:&quot;yes&quot;,&quot;effect&quot;:&quot;slide&quot;,&quot;speed&quot;:500}\" data-widget_type=\"image-carousel.default\">\n\t\t\t\t<div class=\"elementor-widget-container\">\n\t\t\t\t\t\t\t<div class=\"elementor-image-carousel-wrapper swiper\" role=\"region\" aria-roledescription=\"carousel\" aria-label=\"Image Loop\" dir=\"ltr\">\n\t\t\t<div class=\"elementor-image-carousel swiper-wrapper\" aria-live=\"off\">\n\t\t\t\t\t\t\t\t<div class=\"swiper-slide\" role=\"group\" aria-roledescription=\"slide\" aria-label=\"1 \u0645\u0646 1\" data-no-translation-aria-label=\"\"><figure class=\"swiper-slide-inner\"><img decoding=\"async\" class=\"swiper-slide-image\" src=\"https:\/\/www.drzubeydekuru.com\/wp-content\/uploads\/2025\/05\/WhatsApp-Image-2025-05-26-at-20.19.03-scaled.jpeg\" alt=\"WhatsApp Image 2025-05-26 at 20.19.03\" \/><\/figure><\/div>\t\t\t<\/div>\n\t\t\t\t\t<\/div>\n\t\t\t\t\t\t<\/div>\n\t\t\t\t<\/div>\n\t\t\t\t\t<\/div>\n\t\t\t\t<\/div>\n\t\t<div class=\"elementor-element elementor-element-f5dd7ac e-con-full e-flex e-con e-child\" data-id=\"f5dd7ac\" data-element_type=\"container\">\n\t\t\t\t<div class=\"elementor-element elementor-element-31cbd8b elementor-widget elementor-widget-video\" data-id=\"31cbd8b\" data-element_type=\"widget\" data-settings=\"{&quot;video_type&quot;:&quot;hosted&quot;,&quot;controls&quot;:&quot;yes&quot;}\" data-widget_type=\"video.default\">\n\t\t\t\t<div class=\"elementor-widget-container\">\n\t\t\t\t\t\t\t<div class=\"e-hosted-video elementor-wrapper elementor-open-inline\">\n\t\t\t\t\t<video class=\"elementor-video\" src=\"http:\/\/www.drzubeydekuru.com\/wp-content\/uploads\/2025\/06\/1749580180463973.mp4\" controls=\"\" preload=\"metadata\" controlslist=\"nodownload\"><\/video>\n\t\t\t\t<\/div>\n\t\t\t\t\t\t<\/div>\n\t\t\t\t<\/div>\n\t\t\t\t<\/div>\n\t\t\t\t<\/div>\n\t\t\t\t\t<\/div>\n\t\t\t\t<\/div>\n\t\t\t\t<\/div>","protected":false},"excerpt":{"rendered":"<p>Dr. Z\u00fcbeyde Kuru T\u0131p e\u011fitimimi 2010 y\u0131l\u0131nda Abant \u0130zzet Baysal \u00dcniversitesi T\u0131p Fak\u00fcltesi\u2019nden mezun olarak tamamlad\u0131m. Mezuniyetimin ard\u0131ndan meslek hayat\u0131ma [&hellip;]<\/p>","protected":false},"author":1,"featured_media":0,"parent":0,"menu_order":0,"comment_status":"closed","ping_status":"closed","template":"","meta":{"site-sidebar-layout":"no-sidebar","site-content-layout":"page-builder","ast-site-content-layout":"","site-content-style":"default","site-sidebar-style":"default","ast-global-header-display":"","ast-banner-title-visibility":"","ast-main-header-display":"","ast-hfb-above-header-display":"","ast-hfb-below-header-display":"","ast-hfb-mobile-header-display":"","site-post-title":"disabled","ast-breadcrumbs-content":"disabled","ast-featured-img":"disabled","footer-sml-layout":"","theme-transparent-header-meta":"enabled","adv-header-id-meta":"","stick-header-meta":"","header-above-stick-meta":"","header-main-stick-meta":"","header-below-stick-meta":"","astra-migrate-meta-layouts":"default","ast-page-background-enabled":"default","ast-page-background-meta":{"desktop":{"background-color":"var(--ast-global-color-4)","background-image":"","background-repeat":"repeat","background-position":"center center","background-size":"auto","background-attachment":"scroll","background-type":"","background-media":"","overlay-type":"","overlay-color":"","overlay-opacity":"","overlay-gradient":""},"tablet":{"background-color":"","background-image":"","background-repeat":"repeat","background-position":"center center","background-size":"auto","background-attachment":"scroll","background-type":"","background-media":"","overlay-type":"","overlay-color":"","overlay-opacity":"","overlay-gradient":""},"mobile":{"background-color":"","background-image":"","background-repeat":"repeat","background-position":"center center","background-size":"auto","background-attachment":"scroll","background-type":"","background-media":"","overlay-type":"","overlay-color":"","overlay-opacity":"","overlay-gradient":""}},"ast-content-background-meta":{"desktop":{"background-color":"var(--ast-global-color-5)","background-image":"","background-repeat":"repeat","background-position":"center center","background-size":"auto","background-attachment":"scroll","background-type":"","background-media":"","overlay-type":"","overlay-color":"","overlay-opacity":"","overlay-gradient":""},"tablet":{"background-color":"var(--ast-global-color-5)","background-image":"","background-repeat":"repeat","background-position":"center center","background-size":"auto","background-attachment":"scroll","background-type":"","background-media":"","overlay-type":"","overlay-color":"","overlay-opacity":"","overlay-gradient":""},"mobile":{"background-color":"var(--ast-global-color-5)","background-image":"","background-repeat":"repeat","background-position":"center center","background-size":"auto","background-attachment":"scroll","background-type":"","background-media":"","overlay-type":"","overlay-color":"","overlay-opacity":"","overlay-gradient":""}},"footnotes":""},"class_list":["post-239","page","type-page","status-publish","hentry"],"_links":{"self":[{"href":"https:\/\/www.drzubeydekuru.com\/en\/wp-json\/wp\/v2\/pages\/239","targetHints":{"allow":["GET"]}}],"collection":[{"href":"https:\/\/www.drzubeydekuru.com\/en\/wp-json\/wp\/v2\/pages"}],"about":[{"href":"https:\/\/www.drzubeydekuru.com\/en\/wp-json\/wp\/v2\/types\/page"}],"author":[{"embeddable":true,"href":"https:\/\/www.drzubeydekuru.com\/en\/wp-json\/wp\/v2\/users\/1"}],"replies":[{"embeddable":true,"href":"https:\/\/www.drzubeydekuru.com\/en\/wp-json\/wp\/v2\/comments?post=239"}],"version-history":[{"count":15,"href":"https:\/\/www.drzubeydekuru.com\/en\/wp-json\/wp\/v2\/pages\/239\/revisions"}],"predecessor-version":[{"id":25665,"href":"https:\/\/www.drzubeydekuru.com\/en\/wp-json\/wp\/v2\/pages\/239\/revisions\/25665"}],"wp:attachment":[{"href":"https:\/\/www.drzubeydekuru.com\/en\/wp-json\/wp\/v2\/media?parent=239"}],"curies":[{"name":"wp","href":"https:\/\/api.w.org\/{rel}","templated":true}]}}