{"id":25552,"date":"2025-06-06T17:33:03","date_gmt":"2025-06-06T17:33:03","guid":{"rendered":"http:\/\/www.drzubeydekuru.com\/?page_id=25552"},"modified":"2025-06-06T17:34:15","modified_gmt":"2025-06-06T17:34:15","slug":"%d8%a7%d9%84%d8%b9%d9%84%d8%a7%d8%ac-%d8%a7%d9%84%d9%85%d9%88%d8%b6%d8%b9%d9%8a","status":"publish","type":"page","link":"https:\/\/www.drzubeydekuru.com\/ar\/%d8%a7%d9%84%d8%b9%d9%84%d8%a7%d8%ac-%d8%a7%d9%84%d9%85%d9%88%d8%b6%d8%b9%d9%8a\/","title":{"rendered":"\u0627\u0644\u0639\u0644\u0627\u062c \u0627\u0644\u0645\u0648\u0636\u0639\u064a"},"content":{"rendered":"<div data-elementor-type=\"wp-page\" data-elementor-id=\"25552\" class=\"elementor elementor-25552\">\n\t\t\t\t<div class=\"elementor-element elementor-element-ddfae88 e-flex e-con-boxed e-con e-parent\" data-id=\"ddfae88\" data-element_type=\"container\">\n\t\t\t\t\t<div class=\"e-con-inner\">\n\t\t\t\t<div class=\"elementor-element elementor-element-d13d52b elementor-widget elementor-widget-image\" data-id=\"d13d52b\" data-element_type=\"widget\" data-widget_type=\"image.default\">\n\t\t\t\t<div class=\"elementor-widget-container\">\n\t\t\t\t\t\t\t\t\t\t\t\t\t\t\t<img fetchpriority=\"high\" decoding=\"async\" width=\"1024\" height=\"347\" src=\"https:\/\/www.drzubeydekuru.com\/wp-content\/uploads\/2025\/06\/9-1024x347.jpg\" class=\"attachment-large size-large wp-image-25535\" alt=\"\" srcset=\"https:\/\/www.drzubeydekuru.com\/wp-content\/uploads\/2025\/06\/9-1024x347.jpg 1024w, https:\/\/www.drzubeydekuru.com\/wp-content\/uploads\/2025\/06\/9-300x102.jpg 300w, https:\/\/www.drzubeydekuru.com\/wp-content\/uploads\/2025\/06\/9-768x260.jpg 768w, https:\/\/www.drzubeydekuru.com\/wp-content\/uploads\/2025\/06\/9-1536x520.jpg 1536w, https:\/\/www.drzubeydekuru.com\/wp-content\/uploads\/2025\/06\/9-2048x693.jpg 2048w\" sizes=\"(max-width: 1024px) 100vw, 1024px\" \/>\t\t\t\t\t\t\t\t\t\t\t\t\t\t\t<\/div>\n\t\t\t\t<\/div>\n\t\t\t\t\t<\/div>\n\t\t\t\t<\/div>\n\t\t<div class=\"elementor-element elementor-element-798301b e-flex e-con-boxed e-con e-parent\" data-id=\"798301b\" data-element_type=\"container\">\n\t\t\t\t\t<div class=\"e-con-inner\">\n\t\t\t\t<div class=\"elementor-element elementor-element-8b55fb8 elementor-widget elementor-widget-heading\" data-id=\"8b55fb8\" data-element_type=\"widget\" data-widget_type=\"heading.default\">\n\t\t\t\t<div class=\"elementor-widget-container\">\n\t\t\t\t\t<h2 class=\"elementor-heading-title elementor-size-default\">\u0627\u0644\u0639\u0644\u0627\u062c \u0627\u0644\u0645\u0648\u0636\u0639\u064a<\/h2>\t\t\t\t<\/div>\n\t\t\t\t<\/div>\n\t\t\t\t\t<\/div>\n\t\t\t\t<\/div>\n\t\t<div class=\"elementor-element elementor-element-67e1ae1 e-flex e-con-boxed e-con e-parent\" data-id=\"67e1ae1\" data-element_type=\"container\">\n\t\t\t\t\t<div class=\"e-con-inner\">\n\t\t\t\t<div class=\"elementor-element elementor-element-fddb7e2 elementor-widget elementor-widget-text-editor\" data-id=\"fddb7e2\" data-element_type=\"widget\" data-widget_type=\"text-editor.default\">\n\t\t\t\t<div class=\"elementor-widget-container\">\n\t\t\t\t\t\t\t\t\t<h3 data-start=\"137\" data-end=\"169\"><strong data-start=\"141\" data-end=\"167\">\u0645\u0627 \u0647\u064a \u0627\u0644\u0639\u0644\u0627\u062c\u0627\u062a \u0627\u0644\u0645\u0648\u0636\u0639\u064a\u0629\u061f<\/strong><\/h3><p data-start=\"170\" data-end=\"478\">\u0627\u0644\u0639\u0644\u0627\u062c\u0627\u062a \u0627\u0644\u0645\u0648\u0636\u0639\u064a\u0629 \u0647\u064a \u062a\u0637\u0628\u064a\u0642\u0627\u062a \u0637\u0628\u064a\u0629 \u062a\u062c\u0645\u064a\u0644\u064a\u0629 \u062a\u0647\u062f\u0641 \u0625\u0644\u0649 \u0625\u0632\u0627\u0644\u0629 \u0627\u0644\u0628\u0642\u0639 \u0627\u0644\u062f\u0627\u0643\u0646\u0629 \u0639\u0644\u0649 \u0627\u0644\u0628\u0634\u0631\u0629 \u0627\u0644\u0646\u0627\u062a\u062c\u0629 \u0639\u0646 \u0627\u0644\u0634\u0645\u0633 \u0623\u0648 \u0627\u0644\u0634\u064a\u062e\u0648\u062e\u0629 \u0623\u0648 \u0627\u0644\u062a\u063a\u064a\u0631\u0627\u062a \u0627\u0644\u0647\u0631\u0645\u0648\u0646\u064a\u0629 \u0623\u0648 \u0646\u062f\u0628\u0627\u062a \u062d\u0628 \u0627\u0644\u0634\u0628\u0627\u0628 \u0623\u0648 \u0627\u0633\u062a\u062e\u062f\u0627\u0645\u0627\u062a \u0627\u0644\u0628\u0634\u0631\u0629 \u0627\u0644\u062e\u0627\u0637\u0626\u0629. \u0648\u0627\u0644\u0647\u062f\u0641 \u0647\u0648 \u0645\u0639\u0627\u062f\u0644\u0629 \u0644\u0648\u0646 \u0627\u0644\u0628\u0634\u0631\u0629 \u0648\u062a\u0642\u0644\u064a\u0644 \u0638\u0647\u0648\u0631 \u0627\u0644\u0628\u0642\u0639 \u0648\u0625\u0639\u0637\u0627\u0621 \u0627\u0644\u0628\u0634\u0631\u0629 \u0645\u0638\u0647\u0631\u0627\u064b \u0623\u0643\u062b\u0631 \u0625\u0634\u0631\u0627\u0642\u0627\u064b.<\/p><hr data-start=\"480\" data-end=\"483\" \/><h3 data-start=\"485\" data-end=\"522\"><strong data-start=\"489\" data-end=\"520\">\u0645\u0627 \u0647\u064a \u0627\u0644\u0637\u0631\u0642 \u0627\u0644\u0645\u0633\u062a\u062e\u062f\u0645\u0629\u061f<\/strong><\/h3><p data-start=\"523\" data-end=\"637\">\u064a\u062a\u0645 \u0648\u0636\u0639 \u062e\u0637\u0629 \u0639\u0644\u0627\u062c \u0645\u062e\u0635\u0635\u0629 \u0648\u0641\u0642\u0627\u064b \u0644\u0646\u0648\u0639 \u0627\u0644\u0628\u0642\u0639\u0629 \u0648\u0639\u0645\u0642\u0647\u0627 \u0648\u0628\u0646\u064a\u0629 \u0627\u0644\u062c\u0644\u062f. \u0627\u0644\u0637\u0631\u0642 \u0627\u0644\u0623\u0643\u062b\u0631 \u0627\u0633\u062a\u062e\u062f\u0627\u0645\u0627\u064b:<\/p><ul data-start=\"638\" data-end=\"849\"><li data-start=\"638\" data-end=\"663\"><p data-start=\"640\" data-end=\"663\"><strong data-start=\"640\" data-end=\"661\">\u0627\u0644\u0645\u064a\u0632\u0648\u062b\u064a\u0631\u0627\u0628\u064a \u0627\u0644\u0645\u0648\u0636\u0639\u064a<\/strong><\/p><\/li><li data-start=\"664\" data-end=\"693\"><p data-start=\"666\" data-end=\"693\"><strong data-start=\"666\" data-end=\"691\">PRP (\u0627\u0644\u0639\u0644\u0627\u062c \u0628\u0627\u0644\u0628\u0644\u0627\u0632\u0645\u0627)<\/strong><\/p><\/li><li data-start=\"694\" data-end=\"718\"><p data-start=\"696\" data-end=\"718\"><strong data-start=\"696\" data-end=\"716\">\u0627\u0644\u062a\u0642\u0634\u064a\u0631 \u0627\u0644\u0643\u064a\u0645\u064a\u0627\u0626\u064a<\/strong><\/p><\/li><li data-start=\"719\" data-end=\"748\"><p data-start=\"721\" data-end=\"748\"><strong data-start=\"721\" data-end=\"746\">\u0639\u0644\u0627\u062c\u0627\u062a \u0627\u0644\u0628\u0642\u0639 \u0627\u0644\u0644\u064a\u0632\u0631\u064a\u0629<\/strong><\/p><\/li><li data-start=\"749\" data-end=\"795\"><p data-start=\"751\" data-end=\"795\"><strong data-start=\"751\" data-end=\"793\">\u062a\u0631\u0643\u064a\u0628\u0627\u062a \u062f\u064a\u0631\u0645\u0627\u0628\u064a\u0646 + \u0633\u064a\u0631\u0648\u0645 \u0627\u0644\u0628\u0634\u0631\u0629 + \u0633\u064a\u0631\u0648\u0645 \u0627\u0644\u0628\u0634\u0631\u0629<\/strong><\/p><\/li><li data-start=\"796\" data-end=\"849\"><p data-start=\"798\" data-end=\"849\"><strong data-start=\"798\" data-end=\"849\">\u0627\u0644\u0639\u0646\u0627\u064a\u0629 \u0627\u0644\u0637\u0628\u064a\u0629 \u0628\u0627\u0644\u0628\u0634\u0631\u0629 \u0648\u0623\u0642\u0646\u0639\u0629 \u062a\u0641\u062a\u064a\u062d \u0627\u0644\u0628\u0634\u0631\u0629<\/strong><\/p><\/li><\/ul><hr data-start=\"851\" data-end=\"854\" \/><h3 data-start=\"856\" data-end=\"879\"><strong data-start=\"860\" data-end=\"877\">\u0645\u0627 \u0647\u064a \u0648\u0638\u064a\u0641\u062a\u0647\u0627\u061f<\/strong><\/h3><ul data-start=\"880\" data-end=\"1069\"><li data-start=\"880\" data-end=\"911\"><p data-start=\"882\" data-end=\"911\">\u062a\u0641\u062a\u064a\u062d \u0628\u0642\u0639 \u0627\u0644\u0634\u0645\u0633<\/p><\/li><li data-start=\"912\" data-end=\"956\"><p data-start=\"914\" data-end=\"956\">\u064a\u0642\u0644\u0644 \u0645\u0646 \u0628\u0642\u0639 \u0645\u0627 \u0628\u0639\u062f \u0627\u0644\u0648\u0644\u0627\u062f\u0629 (\u0627\u0644\u0643\u0644\u0641)<\/p><\/li><li data-start=\"957\" data-end=\"988\"><p data-start=\"959\" data-end=\"988\">\u064a\u062a\u0644\u0627\u0634\u0649 \u0646\u062f\u0628\u0627\u062a \u062d\u0628 \u0627\u0644\u0634\u0628\u0627\u0628<\/p><\/li><li data-start=\"989\" data-end=\"1027\"><p data-start=\"991\" data-end=\"1027\">\u064a\u0648\u062d\u0651\u062f \u0644\u0648\u0646 \u0627\u0644\u0628\u0634\u0631\u0629 \u0648\u064a\u0641\u062a\u062d\u0647\u0627<\/p><\/li><li data-start=\"1028\" data-end=\"1069\"><p data-start=\"1030\" data-end=\"1069\">\u064a\u0632\u064a\u0644 \u0627\u0644\u0645\u0638\u0647\u0631 \u0627\u0644\u0645\u062a\u0639\u0628 \u0648\u0627\u0644\u0628\u0627\u0647\u062a \u0639\u0644\u0649 \u0627\u0644\u0628\u0634\u0631\u0629<\/p><\/li><\/ul><hr data-start=\"1071\" data-end=\"1074\" \/><h3 data-start=\"1076\" data-end=\"1109\"><strong data-start=\"1080\" data-end=\"1107\">\u0648\u0642\u062a \u0627\u0644\u062a\u0637\u0628\u064a\u0642 \u0648\u062a\u0623\u062b\u064a\u0631\u0647<\/strong><\/h3><p data-start=\"1110\" data-end=\"1299\">\u062a\u0633\u062a\u063a\u0631\u0642 \u0643\u0644 \u062c\u0644\u0633\u0629 \u0645\u0646 20 \u0625\u0644\u0649 45 \u062f\u0642\u064a\u0642\u0629 \u0641\u064a \u0627\u0644\u0645\u062a\u0648\u0633\u0637. \u0648\u0639\u0627\u062f\u0629\u064b \u0645\u0627 \u064a\u062a\u0645 \u0627\u0644\u062d\u0635\u0648\u0644 \u0639\u0644\u0649 \u0646\u062a\u0627\u0626\u062c \u0645\u0644\u062d\u0648\u0638\u0629 \u0628\u0639\u062f 3-6 \u062c\u0644\u0633\u0627\u062a. \u0645\u0646 \u0627\u0644\u0645\u0647\u0645 \u062c\u062f\u0627\u064b \u062d\u0645\u0627\u064a\u0629 \u0627\u0644\u0628\u0634\u0631\u0629 \u0628\u0639\u062f \u0627\u0644\u062c\u0644\u0633\u0627\u062a \u0627\u0644\u0639\u0644\u0627\u062c\u064a\u0629 \u0627\u0644\u0645\u0648\u0636\u0639\u064a\u0629\u061b \u064a\u062c\u0628 \u0627\u0633\u062a\u062e\u062f\u0627\u0645 \u0648\u0627\u0642\u064a \u0627\u0644\u0634\u0645\u0633.<\/p><hr data-start=\"1301\" data-end=\"1304\" \/><h3 data-start=\"1306\" data-end=\"1337\"><strong data-start=\"1310\" data-end=\"1335\">\u0644\u0645\u0646 \u0647\u064a \u0645\u0646\u0627\u0633\u0628\u0629\u061f<\/strong><\/h3><p data-start=\"1338\" data-end=\"1536\">\u0648\u0647\u0648 \u0645\u0646\u0627\u0633\u0628 \u0644\u0623\u064a \u0634\u062e\u0635 \u064a\u0639\u0627\u0646\u064a \u0645\u0646 \u062a\u0641\u0627\u0648\u062a \u0641\u064a \u0644\u0648\u0646 \u0627\u0644\u0628\u0634\u0631\u0629 \u0623\u0648 \u0628\u0642\u0639 \u0627\u0644\u0634\u0645\u0633 \u0623\u0648 \u0627\u0644\u0648\u062d\u0645\u0627\u062a \u0623\u0648 \u0627\u0644\u0646\u062f\u0628\u0627\u062a \u0627\u0644\u062f\u0627\u0643\u0646\u0629 \u0628\u0639\u062f \u0638\u0647\u0648\u0631 \u062d\u0628 \u0627\u0644\u0634\u0628\u0627\u0628. \u064a\u062c\u0628 \u0625\u062c\u0631\u0627\u0621 \u062a\u062d\u0644\u064a\u0644 \u0644\u0644\u0628\u0634\u0631\u0629 \u0642\u0628\u0644 \u0627\u0644\u0639\u0644\u0627\u062c \u0648\u062a\u062d\u062f\u064a\u062f \u0627\u0644\u0637\u0631\u064a\u0642\u0629 \u0627\u0644\u0645\u0646\u0627\u0633\u0628\u0629.<\/p>\t\t\t\t\t\t\t\t<\/div>\n\t\t\t\t<\/div>\n\t\t\t\t\t<\/div>\n\t\t\t\t<\/div>\n\t\t\t\t<\/div>","protected":false},"excerpt":{"rendered":"<p>Leke Tedavisi Leke Tedavileri Nedir? Leke tedavileri, ciltte g\u00fcne\u015f, ya\u015flanma, hormonal de\u011fi\u015fiklikler, akne izleri veya yanl\u0131\u015f cilt uygulamalar\u0131 sonucu olu\u015fan [&hellip;]<\/p>","protected":false},"author":1,"featured_media":0,"parent":0,"menu_order":0,"comment_status":"closed","ping_status":"closed","template":"","meta":{"site-sidebar-layout":"no-sidebar","site-content-layout":"page-builder","ast-site-content-layout":"full-width-container","site-content-style":"default","site-sidebar-style":"default","ast-global-header-display":"","ast-banner-title-visibility":"","ast-main-header-display":"","ast-hfb-above-header-display":"","ast-hfb-below-header-display":"","ast-hfb-mobile-header-display":"","site-post-title":"disabled","ast-breadcrumbs-content":"","ast-featured-img":"disabled","footer-sml-layout":"","theme-transparent-header-meta":"","adv-header-id-meta":"","stick-header-meta":"","header-above-stick-meta":"","header-main-stick-meta":"","header-below-stick-meta":"","astra-migrate-meta-layouts":"default","ast-page-background-enabled":"default","ast-page-background-meta":{"desktop":{"background-color":"var(--ast-global-color-4)","background-image":"","background-repeat":"repeat","background-position":"center center","background-size":"auto","background-attachment":"scroll","background-type":"","background-media":"","overlay-type":"","overlay-color":"","overlay-opacity":"","overlay-gradient":""},"tablet":{"background-color":"","background-image":"","background-repeat":"repeat","background-position":"center center","background-size":"auto","background-attachment":"scroll","background-type":"","background-media":"","overlay-type":"","overlay-color":"","overlay-opacity":"","overlay-gradient":""},"mobile":{"background-color":"","background-image":"","background-repeat":"repeat","background-position":"center center","background-size":"auto","background-attachment":"scroll","background-type":"","background-media":"","overlay-type":"","overlay-color":"","overlay-opacity":"","overlay-gradient":""}},"ast-content-background-meta":{"desktop":{"background-color":"var(--ast-global-color-5)","background-image":"","background-repeat":"repeat","background-position":"center center","background-size":"auto","background-attachment":"scroll","background-type":"","background-media":"","overlay-type":"","overlay-color":"","overlay-opacity":"","overlay-gradient":""},"tablet":{"background-color":"var(--ast-global-color-5)","background-image":"","background-repeat":"repeat","background-position":"center center","background-size":"auto","background-attachment":"scroll","background-type":"","background-media":"","overlay-type":"","overlay-color":"","overlay-opacity":"","overlay-gradient":""},"mobile":{"background-color":"var(--ast-global-color-5)","background-image":"","background-repeat":"repeat","background-position":"center center","background-size":"auto","background-attachment":"scroll","background-type":"","background-media":"","overlay-type":"","overlay-color":"","overlay-opacity":"","overlay-gradient":""}},"footnotes":""},"class_list":["post-25552","page","type-page","status-publish","hentry"],"_links":{"self":[{"href":"https:\/\/www.drzubeydekuru.com\/ar\/wp-json\/wp\/v2\/pages\/25552","targetHints":{"allow":["GET"]}}],"collection":[{"href":"https:\/\/www.drzubeydekuru.com\/ar\/wp-json\/wp\/v2\/pages"}],"about":[{"href":"https:\/\/www.drzubeydekuru.com\/ar\/wp-json\/wp\/v2\/types\/page"}],"author":[{"embeddable":true,"href":"https:\/\/www.drzubeydekuru.com\/ar\/wp-json\/wp\/v2\/users\/1"}],"replies":[{"embeddable":true,"href":"https:\/\/www.drzubeydekuru.com\/ar\/wp-json\/wp\/v2\/comments?post=25552"}],"version-history":[{"count":4,"href":"https:\/\/www.drzubeydekuru.com\/ar\/wp-json\/wp\/v2\/pages\/25552\/revisions"}],"predecessor-version":[{"id":25556,"href":"https:\/\/www.drzubeydekuru.com\/ar\/wp-json\/wp\/v2\/pages\/25552\/revisions\/25556"}],"wp:attachment":[{"href":"https:\/\/www.drzubeydekuru.com\/ar\/wp-json\/wp\/v2\/media?parent=25552"}],"curies":[{"name":"wp","href":"https:\/\/api.w.org\/{rel}","templated":true}]}}