{"id":25547,"date":"2025-06-06T17:30:43","date_gmt":"2025-06-06T17:30:43","guid":{"rendered":"http:\/\/www.drzubeydekuru.com\/?page_id=25547"},"modified":"2025-06-06T17:32:16","modified_gmt":"2025-06-06T17:32:16","slug":"%d8%aa%d8%ac%d8%af%d9%8a%d8%af-%d8%b4%d8%a8%d8%a7%d8%a8-%d8%a7%d9%84%d8%a8%d8%b4%d8%b1%d8%a9","status":"publish","type":"page","link":"https:\/\/www.drzubeydekuru.com\/ar\/%d8%aa%d8%ac%d8%af%d9%8a%d8%af-%d8%b4%d8%a8%d8%a7%d8%a8-%d8%a7%d9%84%d8%a8%d8%b4%d8%b1%d8%a9\/","title":{"rendered":"\u062a\u062c\u062f\u064a\u062f \u0634\u0628\u0627\u0628 \u0627\u0644\u0628\u0634\u0631\u0629"},"content":{"rendered":"<div data-elementor-type=\"wp-page\" data-elementor-id=\"25547\" class=\"elementor elementor-25547\">\n\t\t\t\t<div class=\"elementor-element elementor-element-c77398e e-flex e-con-boxed e-con e-parent\" data-id=\"c77398e\" data-element_type=\"container\">\n\t\t\t\t\t<div class=\"e-con-inner\">\n\t\t\t\t<div class=\"elementor-element elementor-element-b32f7cd elementor-widget elementor-widget-image\" data-id=\"b32f7cd\" data-element_type=\"widget\" data-widget_type=\"image.default\">\n\t\t\t\t<div class=\"elementor-widget-container\">\n\t\t\t\t\t\t\t\t\t\t\t\t\t\t\t<img fetchpriority=\"high\" decoding=\"async\" width=\"1024\" height=\"347\" src=\"https:\/\/www.drzubeydekuru.com\/wp-content\/uploads\/2025\/06\/8-1024x347.jpg\" class=\"attachment-large size-large wp-image-25536\" alt=\"\" srcset=\"https:\/\/www.drzubeydekuru.com\/wp-content\/uploads\/2025\/06\/8-1024x347.jpg 1024w, https:\/\/www.drzubeydekuru.com\/wp-content\/uploads\/2025\/06\/8-300x102.jpg 300w, https:\/\/www.drzubeydekuru.com\/wp-content\/uploads\/2025\/06\/8-768x260.jpg 768w, https:\/\/www.drzubeydekuru.com\/wp-content\/uploads\/2025\/06\/8-1536x520.jpg 1536w, https:\/\/www.drzubeydekuru.com\/wp-content\/uploads\/2025\/06\/8-2048x693.jpg 2048w\" sizes=\"(max-width: 1024px) 100vw, 1024px\" \/>\t\t\t\t\t\t\t\t\t\t\t\t\t\t\t<\/div>\n\t\t\t\t<\/div>\n\t\t\t\t\t<\/div>\n\t\t\t\t<\/div>\n\t\t<div class=\"elementor-element elementor-element-ec601f3 e-flex e-con-boxed e-con e-parent\" data-id=\"ec601f3\" data-element_type=\"container\">\n\t\t\t\t\t<div class=\"e-con-inner\">\n\t\t\t\t<div class=\"elementor-element elementor-element-2803aaf elementor-widget elementor-widget-heading\" data-id=\"2803aaf\" data-element_type=\"widget\" data-widget_type=\"heading.default\">\n\t\t\t\t<div class=\"elementor-widget-container\">\n\t\t\t\t\t<h2 class=\"elementor-heading-title elementor-size-default\">\u062a\u062c\u062f\u064a\u062f \u0634\u0628\u0627\u0628 \u0627\u0644\u0628\u0634\u0631\u0629<\/h2>\t\t\t\t<\/div>\n\t\t\t\t<\/div>\n\t\t\t\t\t<\/div>\n\t\t\t\t<\/div>\n\t\t<div class=\"elementor-element elementor-element-ecdf481 e-flex e-con-boxed e-con e-parent\" data-id=\"ecdf481\" data-element_type=\"container\">\n\t\t\t\t\t<div class=\"e-con-inner\">\n\t\t\t\t<div class=\"elementor-element elementor-element-b44b39e elementor-widget elementor-widget-text-editor\" data-id=\"b44b39e\" data-element_type=\"widget\" data-widget_type=\"text-editor.default\">\n\t\t\t\t<div class=\"elementor-widget-container\">\n\t\t\t\t\t\t\t\t\t<h3 data-start=\"97\" data-end=\"131\"><strong data-start=\"101\" data-end=\"129\">\u0645\u0627 \u0647\u0648 \u062a\u062c\u062f\u064a\u062f \u0634\u0628\u0627\u0628 \u0627\u0644\u0628\u0634\u0631\u0629\u061f<\/strong><\/h3><p data-start=\"132\" data-end=\"469\">\u062a\u062c\u062f\u064a\u062f \u0634\u0628\u0627\u0628 \u0627\u0644\u0628\u0634\u0631\u0629 \u0647\u0648 \u0645\u062c\u0645\u0648\u0639\u0629 \u0645\u0646 \u0627\u0644\u062a\u0637\u0628\u064a\u0642\u0627\u062a \u0627\u0644\u062c\u0645\u0627\u0644\u064a\u0629 \u0627\u0644\u062a\u064a \u062a\u0645\u0643\u0651\u0646 \u0627\u0644\u0628\u0634\u0631\u0629\u060c \u0627\u0644\u062a\u064a \u062a\u062a\u0622\u0643\u0644 \u0628\u0645\u0631\u0648\u0631 \u0627\u0644\u0648\u0642\u062a \u0628\u0633\u0628\u0628 \u0627\u0644\u0634\u064a\u062e\u0648\u062e\u0629 \u0648\u0627\u0644\u0639\u0648\u0627\u0645\u0644 \u0627\u0644\u0628\u064a\u0626\u064a\u0629 \u0648\u0627\u0644\u0625\u062c\u0647\u0627\u062f \u0648\u0646\u0645\u0637 \u0627\u0644\u062d\u064a\u0627\u0629\u060c \u0645\u0646 \u062a\u062c\u062f\u064a\u062f\u0647\u0627 \u0648\u0634\u062f\u0647\u0627 \u0648\u0625\u0639\u0637\u0627\u0626\u0647\u0627 \u0645\u0638\u0647\u0631\u0627\u064b \u0623\u0643\u062b\u0631 \u062d\u064a\u0648\u064a\u0629. \u0648\u0627\u0644\u0647\u062f\u0641 \u0645\u0646 \u0630\u0644\u0643 \u0647\u0648 \u062a\u0642\u0644\u064a\u0644 \u0627\u0644\u062a\u062c\u0627\u0639\u064a\u062f \u0648\u062a\u0648\u062d\u064a\u062f \u0644\u0648\u0646 \u0627\u0644\u0628\u0634\u0631\u0629 \u0648\u0632\u064a\u0627\u062f\u0629 \u0645\u0631\u0648\u0646\u062a\u0647\u0627 \u0648\u0645\u0646\u062d \u0627\u0644\u0628\u0634\u0631\u0629 \u062a\u0648\u0647\u062c\u0627\u064b \u0635\u062d\u064a\u0627\u064b.<\/p><hr data-start=\"471\" data-end=\"474\" \/><h3 data-start=\"476\" data-end=\"513\"><strong data-start=\"480\" data-end=\"511\">\u0645\u0627 \u0647\u064a \u0627\u0644\u0637\u0631\u0642 \u0627\u0644\u0645\u0633\u062a\u062e\u062f\u0645\u0629\u061f<\/strong><\/h3><p data-start=\"514\" data-end=\"589\">\u064a\u0645\u0643\u0646 \u062a\u0637\u0628\u064a\u0642 \u0637\u0631\u064a\u0642\u0629 \u0648\u0627\u062d\u062f\u0629 \u0623\u0648 \u0623\u0643\u062b\u0631 \u0645\u0639\u064b\u0627 \u0648\u0641\u0642\u064b\u0627 \u0644\u0627\u062d\u062a\u064a\u0627\u062c\u0627\u062a \u0627\u0644\u0628\u0634\u0631\u0629:<\/p><ul data-start=\"590\" data-end=\"835\"><li data-start=\"590\" data-end=\"624\"><p data-start=\"592\" data-end=\"624\"><strong data-start=\"592\" data-end=\"622\">PRP (\u0627\u0644\u0628\u0644\u0627\u0632\u0645\u0627 \u0627\u0644\u063a\u0646\u064a\u0629 \u0628\u0627\u0644\u0635\u0641\u0627\u0626\u062d \u0627\u0644\u062f\u0645\u0648\u064a\u0629)<\/strong><\/p><\/li><li data-start=\"625\" data-end=\"643\"><p data-start=\"627\" data-end=\"643\"><strong data-start=\"627\" data-end=\"641\">\u0627\u0644\u0645\u064a\u0632\u0648\u062b\u064a\u0631\u0627\u0628\u064a<\/strong><\/p><\/li><li data-start=\"644\" data-end=\"676\"><p data-start=\"646\" data-end=\"676\"><strong data-start=\"646\" data-end=\"674\">\u062f\u064a\u0631\u0645\u0627\u0628\u064a\u0646 (\u0627\u0644\u0648\u062e\u0632 \u0628\u0627\u0644\u0625\u0628\u0631 \u0627\u0644\u062f\u0642\u064a\u0642\u0629)<\/strong><\/p><\/li><li data-start=\"677\" data-end=\"701\"><p data-start=\"679\" data-end=\"701\"><strong data-start=\"679\" data-end=\"699\">\u0627\u0644\u0639\u0644\u0627\u062c \u0628\u0627\u0644\u0644\u064a\u0632\u0631<\/strong><\/p><\/li><li data-start=\"702\" data-end=\"744\"><p data-start=\"704\" data-end=\"744\"><strong data-start=\"704\" data-end=\"742\">\u0627\u0644\u0639\u0646\u0627\u064a\u0629 \u0628\u0627\u0644\u0648\u062c\u0647 \u0627\u0644\u0645\u0627\u0626\u064a \u0648\u0627\u0644\u0639\u0646\u0627\u064a\u0629 \u0627\u0644\u0637\u0628\u064a\u0629 \u0628\u0627\u0644\u0628\u0634\u0631\u0629<\/strong><\/p><\/li><li data-start=\"745\" data-end=\"784\"><p data-start=\"747\" data-end=\"784\"><strong data-start=\"747\" data-end=\"782\">\u0623\u0646\u0638\u0645\u0629 \u0627\u0644\u062a\u0631\u062f\u062f\u0627\u062a \u0627\u0644\u0636\u0648\u0626\u064a\u0629 \u0648\u0627\u0644\u0631\u0627\u062f\u064a\u0648\u064a\u0629<\/strong><\/p><\/li><li data-start=\"785\" data-end=\"835\"><p data-start=\"787\" data-end=\"835\"><strong data-start=\"787\" data-end=\"835\">\u0627\u0644\u062a\u0637\u0628\u064a\u0642\u0627\u062a \u0627\u0644\u062a\u0643\u0645\u064a\u0644\u064a\u0629 \u0645\u062b\u0644 \u0627\u0644\u0641\u064a\u0644\u0631 \u0648\u0627\u0644\u0628\u0648\u062a\u0648\u0643\u0633<\/strong><\/p><\/li><\/ul><hr data-start=\"837\" data-end=\"840\" \/><h3 data-start=\"842\" data-end=\"873\"><strong data-start=\"846\" data-end=\"871\">\u0644\u0645\u0646 \u0647\u064a \u0645\u0646\u0627\u0633\u0628\u0629\u061f<\/strong><\/h3><p data-start=\"874\" data-end=\"1047\">\u0645\u0646\u0627\u0633\u0628 \u0644\u0644\u0623\u0634\u062e\u0627\u0635 \u0627\u0644\u0630\u064a\u0646 \u064a\u0628\u0644\u063a\u0648\u0646 \u0645\u0646 \u0627\u0644\u0639\u0645\u0631 25 \u0639\u0627\u0645\u064b\u0627 \u0641\u0623\u0643\u062b\u0631\u060c \u0648\u0627\u0644\u0630\u064a\u0646 \u0628\u062f\u0623\u0648\u0627 \u064a\u0641\u0642\u062f\u0648\u0646 \u0645\u0631\u0648\u0646\u0629 \u0628\u0634\u0631\u062a\u0647\u0645 \u0648\u064a\u0634\u062a\u0643\u0648\u0646 \u0645\u0646 \u0627\u0644\u062e\u0637\u0648\u0637 \u0627\u0644\u062f\u0642\u064a\u0642\u0629 \u0648\u0645\u0638\u0647\u0631 \u0627\u0644\u0645\u0633\u0627\u0645 \u0648\u064a\u0631\u064a\u062f\u0648\u0646 \u0628\u0634\u0631\u0629 \u0623\u0643\u062b\u0631 \u0625\u0634\u0631\u0627\u0642\u064b\u0627 \u0648\u0635\u062d\u0629.<\/p><hr data-start=\"1049\" data-end=\"1052\" \/><h3 data-start=\"1054\" data-end=\"1091\"><strong data-start=\"1058\" data-end=\"1089\">\u0627\u0644\u0646\u062a\u0627\u0626\u062c \u0648\u0639\u0645\u0644\u064a\u0629 \u0627\u0644\u062a\u0646\u0641\u064a\u0630<\/strong><\/h3><p data-start=\"1092\" data-end=\"1300\">\u064a\u0633\u062a\u063a\u0631\u0642 30-60 \u062f\u0642\u064a\u0642\u0629 \u062d\u0633\u0628 \u0646\u0648\u0639 \u0627\u0644\u062a\u0637\u0628\u064a\u0642. \u064a\u062a\u0645 \u0625\u062c\u0631\u0627\u0624\u0647 \u0639\u0627\u062f\u0629\u064b \u0641\u064a \u062c\u0644\u0633\u0627\u062a \u0648\u064a\u062a\u0645 \u0627\u0644\u062d\u0635\u0648\u0644 \u0639\u0644\u0649 \u0646\u062a\u0627\u0626\u062c \u0648\u0627\u0636\u062d\u0629 \u0641\u064a \u0627\u0644\u0623\u0633\u0627\u0628\u064a\u0639 \u0627\u0644\u0642\u0644\u064a\u0644\u0629 \u0627\u0644\u0623\u0648\u0644\u0649. \u0648\u0645\u0639 \u062a\u062c\u062f\u062f \u0627\u0644\u0628\u0634\u0631\u0629\u060c \u062a\u0643\u062a\u0633\u0628 \u0627\u0644\u0628\u0634\u0631\u0629 \u0645\u0638\u0647\u0631\u0627\u064b \u0623\u0643\u062b\u0631 \u0645\u062a\u0627\u0646\u0629 \u0648\u0631\u0637\u0648\u0628\u0629 \u0648\u0646\u0639\u0648\u0645\u0629 \u0648\u0634\u0628\u0627\u0628\u0627\u064b.<\/p>\t\t\t\t\t\t\t\t<\/div>\n\t\t\t\t<\/div>\n\t\t\t\t\t<\/div>\n\t\t\t\t<\/div>\n\t\t\t\t<\/div>","protected":false},"excerpt":{"rendered":"<p>Cilt Gen\u00e7le\u015ftirme Cilt Gen\u00e7le\u015ftirme Nedir? Cilt gen\u00e7le\u015ftirme, ya\u015flanma, \u00e7evresel fakt\u00f6rler, stres ve ya\u015fam tarz\u0131na ba\u011fl\u0131 olarak zamanla y\u0131pranan cildin yenilenmesini, [&hellip;]<\/p>","protected":false},"author":1,"featured_media":0,"parent":0,"menu_order":0,"comment_status":"closed","ping_status":"closed","template":"","meta":{"site-sidebar-layout":"no-sidebar","site-content-layout":"page-builder","ast-site-content-layout":"full-width-container","site-content-style":"default","site-sidebar-style":"default","ast-global-header-display":"","ast-banner-title-visibility":"","ast-main-header-display":"","ast-hfb-above-header-display":"","ast-hfb-below-header-display":"","ast-hfb-mobile-header-display":"","site-post-title":"disabled","ast-breadcrumbs-content":"","ast-featured-img":"disabled","footer-sml-layout":"","theme-transparent-header-meta":"","adv-header-id-meta":"","stick-header-meta":"","header-above-stick-meta":"","header-main-stick-meta":"","header-below-stick-meta":"","astra-migrate-meta-layouts":"default","ast-page-background-enabled":"default","ast-page-background-meta":{"desktop":{"background-color":"var(--ast-global-color-4)","background-image":"","background-repeat":"repeat","background-position":"center center","background-size":"auto","background-attachment":"scroll","background-type":"","background-media":"","overlay-type":"","overlay-color":"","overlay-opacity":"","overlay-gradient":""},"tablet":{"background-color":"","background-image":"","background-repeat":"repeat","background-position":"center center","background-size":"auto","background-attachment":"scroll","background-type":"","background-media":"","overlay-type":"","overlay-color":"","overlay-opacity":"","overlay-gradient":""},"mobile":{"background-color":"","background-image":"","background-repeat":"repeat","background-position":"center center","background-size":"auto","background-attachment":"scroll","background-type":"","background-media":"","overlay-type":"","overlay-color":"","overlay-opacity":"","overlay-gradient":""}},"ast-content-background-meta":{"desktop":{"background-color":"var(--ast-global-color-5)","background-image":"","background-repeat":"repeat","background-position":"center center","background-size":"auto","background-attachment":"scroll","background-type":"","background-media":"","overlay-type":"","overlay-color":"","overlay-opacity":"","overlay-gradient":""},"tablet":{"background-color":"var(--ast-global-color-5)","background-image":"","background-repeat":"repeat","background-position":"center center","background-size":"auto","background-attachment":"scroll","background-type":"","background-media":"","overlay-type":"","overlay-color":"","overlay-opacity":"","overlay-gradient":""},"mobile":{"background-color":"var(--ast-global-color-5)","background-image":"","background-repeat":"repeat","background-position":"center center","background-size":"auto","background-attachment":"scroll","background-type":"","background-media":"","overlay-type":"","overlay-color":"","overlay-opacity":"","overlay-gradient":""}},"footnotes":""},"class_list":["post-25547","page","type-page","status-publish","hentry"],"_links":{"self":[{"href":"https:\/\/www.drzubeydekuru.com\/ar\/wp-json\/wp\/v2\/pages\/25547","targetHints":{"allow":["GET"]}}],"collection":[{"href":"https:\/\/www.drzubeydekuru.com\/ar\/wp-json\/wp\/v2\/pages"}],"about":[{"href":"https:\/\/www.drzubeydekuru.com\/ar\/wp-json\/wp\/v2\/types\/page"}],"author":[{"embeddable":true,"href":"https:\/\/www.drzubeydekuru.com\/ar\/wp-json\/wp\/v2\/users\/1"}],"replies":[{"embeddable":true,"href":"https:\/\/www.drzubeydekuru.com\/ar\/wp-json\/wp\/v2\/comments?post=25547"}],"version-history":[{"count":4,"href":"https:\/\/www.drzubeydekuru.com\/ar\/wp-json\/wp\/v2\/pages\/25547\/revisions"}],"predecessor-version":[{"id":25551,"href":"https:\/\/www.drzubeydekuru.com\/ar\/wp-json\/wp\/v2\/pages\/25547\/revisions\/25551"}],"wp:attachment":[{"href":"https:\/\/www.drzubeydekuru.com\/ar\/wp-json\/wp\/v2\/media?parent=25547"}],"curies":[{"name":"wp","href":"https:\/\/api.w.org\/{rel}","templated":true}]}}