{"id":25542,"date":"2025-06-06T17:29:25","date_gmt":"2025-06-06T17:29:25","guid":{"rendered":"http:\/\/www.drzubeydekuru.com\/?page_id=25542"},"modified":"2025-06-06T17:30:25","modified_gmt":"2025-06-06T17:30:25","slug":"%d8%a7%d9%84%d8%b9%d9%84%d8%a7%d9%82%d8%a7%d8%aa-%d8%a7%d9%84%d8%b9%d8%a7%d9%85%d8%a9","status":"publish","type":"page","link":"https:\/\/www.drzubeydekuru.com\/ar\/%d8%a7%d9%84%d8%b9%d9%84%d8%a7%d9%82%d8%a7%d8%aa-%d8%a7%d9%84%d8%b9%d8%a7%d9%85%d8%a9\/","title":{"rendered":"PRP"},"content":{"rendered":"<div data-elementor-type=\"wp-page\" data-elementor-id=\"25542\" class=\"elementor elementor-25542\">\n\t\t\t\t<div class=\"elementor-element elementor-element-09c0c83 e-flex e-con-boxed e-con e-parent\" data-id=\"09c0c83\" data-element_type=\"container\">\n\t\t\t\t\t<div class=\"e-con-inner\">\n\t\t\t\t<div class=\"elementor-element elementor-element-c3684e2 elementor-widget elementor-widget-image\" data-id=\"c3684e2\" data-element_type=\"widget\" data-widget_type=\"image.default\">\n\t\t\t\t<div class=\"elementor-widget-container\">\n\t\t\t\t\t\t\t\t\t\t\t\t\t\t\t<img fetchpriority=\"high\" decoding=\"async\" width=\"1024\" height=\"347\" src=\"https:\/\/www.drzubeydekuru.com\/wp-content\/uploads\/2025\/06\/7-1024x347.jpg\" class=\"attachment-large size-large wp-image-25537\" alt=\"\" srcset=\"https:\/\/www.drzubeydekuru.com\/wp-content\/uploads\/2025\/06\/7-1024x347.jpg 1024w, https:\/\/www.drzubeydekuru.com\/wp-content\/uploads\/2025\/06\/7-300x102.jpg 300w, https:\/\/www.drzubeydekuru.com\/wp-content\/uploads\/2025\/06\/7-768x260.jpg 768w, https:\/\/www.drzubeydekuru.com\/wp-content\/uploads\/2025\/06\/7-1536x520.jpg 1536w, https:\/\/www.drzubeydekuru.com\/wp-content\/uploads\/2025\/06\/7-2048x693.jpg 2048w\" sizes=\"(max-width: 1024px) 100vw, 1024px\" \/>\t\t\t\t\t\t\t\t\t\t\t\t\t\t\t<\/div>\n\t\t\t\t<\/div>\n\t\t\t\t\t<\/div>\n\t\t\t\t<\/div>\n\t\t<div class=\"elementor-element elementor-element-74bb56b e-flex e-con-boxed e-con e-parent\" data-id=\"74bb56b\" data-element_type=\"container\">\n\t\t\t\t\t<div class=\"e-con-inner\">\n\t\t\t\t<div class=\"elementor-element elementor-element-788c024 elementor-widget elementor-widget-heading\" data-id=\"788c024\" data-element_type=\"widget\" data-widget_type=\"heading.default\">\n\t\t\t\t<div class=\"elementor-widget-container\">\n\t\t\t\t\t<h2 class=\"elementor-heading-title elementor-size-default\">\u0635 \u0635<\/h2>\t\t\t\t<\/div>\n\t\t\t\t<\/div>\n\t\t\t\t\t<\/div>\n\t\t\t\t<\/div>\n\t\t<div class=\"elementor-element elementor-element-bd5c1c0 e-flex e-con-boxed e-con e-parent\" data-id=\"bd5c1c0\" data-element_type=\"container\">\n\t\t\t\t\t<div class=\"e-con-inner\">\n\t\t\t\t<div class=\"elementor-element elementor-element-c0ae1c6 elementor-widget elementor-widget-text-editor\" data-id=\"c0ae1c6\" data-element_type=\"widget\" data-widget_type=\"text-editor.default\">\n\t\t\t\t<div class=\"elementor-widget-container\">\n\t\t\t\t\t\t\t\t\t<p data-start=\"133\" data-end=\"513\"><strong data-start=\"133\" data-end=\"170\">\u0645\u0627 \u0647\u0648 PRP (\u0627\u0644\u0628\u0644\u0627\u0632\u0645\u0627 \u0627\u0644\u063a\u0646\u064a\u0629 \u0628\u0627\u0644\u0635\u0641\u0627\u0626\u062d \u0627\u0644\u062f\u0645\u0648\u064a\u0629)\u061f<\/strong><br data-start=\"170\" data-end=\"173\" \/>PRP \u0647\u064a \u0637\u0631\u064a\u0642\u0629 \u0639\u0644\u0627\u062c \u0637\u0628\u064a\u0639\u064a\u0629 \u0648\u0641\u0639\u0627\u0644\u0629 \u064a\u062a\u0645 \u0641\u064a\u0647\u0627 \u062d\u0642\u0646 \u0627\u0644\u0628\u0644\u0627\u0632\u0645\u0627 \u0627\u0644\u063a\u0646\u064a\u0629 \u0628\u0627\u0644\u0635\u0641\u0627\u0626\u062d \u0627\u0644\u062f\u0645\u0648\u064a\u0629 \u0627\u0644\u0645\u0623\u062e\u0648\u0630\u0629 \u0645\u0646 \u062f\u0645 \u0627\u0644\u0634\u062e\u0635 \u0646\u0641\u0633\u0647 \u062a\u062d\u062a \u0627\u0644\u062c\u0644\u062f \u0644\u062f\u0639\u0645 \u062a\u062c\u062f\u064a\u062f \u0627\u0644\u0623\u0646\u0633\u062c\u0629 \u0648\u0625\u0635\u0644\u0627\u062d\u0647\u0627. \u0648\u0628\u0641\u0636\u0644 \u0639\u0648\u0627\u0645\u0644 \u0627\u0644\u0646\u0645\u0648 \u0627\u0644\u0645\u0648\u062c\u0648\u062f\u0629 \u0641\u064a \u0627\u0644\u062f\u0645\u060c \u062a\u0628\u062f\u0623 \u0627\u0644\u0628\u0634\u0631\u0629 \u0641\u064a \u0625\u0635\u0644\u0627\u062d \u0646\u0641\u0633\u0647\u0627 \u0628\u0646\u0641\u0633\u0647\u0627\u060c \u0648\u064a\u0632\u062f\u0627\u062f \u0625\u0646\u062a\u0627\u062c \u0627\u0644\u0643\u0648\u0644\u0627\u062c\u064a\u0646 \u0648\u064a\u0635\u0628\u062d \u0645\u0638\u0647\u0631\u0647\u0627 \u0623\u0643\u062b\u0631 \u062d\u064a\u0648\u064a\u0629 \u0648\u0625\u0634\u0631\u0627\u0642\u0627\u064b \u0648\u0634\u062f\u0651\u0629.<\/p><p data-start=\"515\" data-end=\"534\"><strong data-start=\"515\" data-end=\"532\">\u0645\u0627 \u0647\u064a \u0648\u0638\u064a\u0641\u062a\u0647\u0627\u061f<\/strong><\/p><ul data-start=\"535\" data-end=\"823\"><li data-start=\"535\" data-end=\"582\"><p data-start=\"537\" data-end=\"582\">\u062a\u0633\u0631\u064a\u0639 \u0639\u0645\u0644\u064a\u0629 \u062a\u062c\u062f\u064a\u062f \u0627\u0644\u0628\u0634\u0631\u0629 \u0648\u0625\u0635\u0644\u0627\u062d\u0647\u0627<\/p><\/li><li data-start=\"583\" data-end=\"635\"><p data-start=\"585\" data-end=\"635\">\u064a\u0642\u0644\u0644 \u0645\u0646 \u0638\u0647\u0648\u0631 \u0627\u0644\u062e\u0637\u0648\u0637 \u0627\u0644\u062f\u0642\u064a\u0642\u0629 \u0648\u0627\u0644\u062a\u062c\u0627\u0639\u064a\u062f<\/p><\/li><li data-start=\"636\" data-end=\"701\"><p data-start=\"638\" data-end=\"701\">\u064a\u062d\u0633\u0646 \u0627\u0644\u0647\u0627\u0644\u0627\u062a \u0627\u0644\u0633\u0648\u062f\u0627\u0621 \u062a\u062d\u062a \u0627\u0644\u0639\u064a\u0646\u064a\u0646 \u0648\u062a\u0641\u0627\u0648\u062a \u0644\u0648\u0646 \u0627\u0644\u0628\u0634\u0631\u0629<\/p><\/li><li data-start=\"702\" data-end=\"757\"><p data-start=\"704\" data-end=\"757\">\u064a\u0648\u0642\u0641 \u062a\u0633\u0627\u0642\u0637 \u0627\u0644\u0634\u0639\u0631 \u0648\u064a\u0642\u0648\u0651\u064a \u0628\u0635\u064a\u0644\u0627\u062a \u0627\u0644\u0634\u0639\u0631<\/p><\/li><li data-start=\"758\" data-end=\"823\"><p data-start=\"760\" data-end=\"823\">\u064a\u0633\u0627\u0639\u062f \u0639\u0644\u0649 \u0625\u0632\u0627\u0644\u0629 \u0627\u0644\u0634\u0648\u0627\u0626\u0628 \u0648\u0646\u062f\u0628\u0627\u062a \u062d\u0628 \u0627\u0644\u0634\u0628\u0627\u0628 \u0648\u0627\u0644\u0646\u062f\u0628\u0627\u062a<\/p><\/li><\/ul><p data-start=\"825\" data-end=\"1125\"><strong data-start=\"825\" data-end=\"854\">\u0648\u0642\u062a \u0627\u0644\u062a\u0637\u0628\u064a\u0642 \u0648\u062a\u0623\u062b\u064a\u0631\u0647<\/strong><br data-start=\"854\" data-end=\"857\" \/>\u064a\u0633\u062a\u063a\u0631\u0642 \u0625\u062c\u0631\u0627\u0621 PRP \u062d\u0648\u0627\u0644\u064a 30-40 \u062f\u0642\u064a\u0642\u0629. \u0642\u062f \u064a\u0643\u0648\u0646 \u0647\u0646\u0627\u0643 \u0627\u062d\u0645\u0631\u0627\u0631 \u0637\u0641\u064a\u0641 \u0628\u0639\u062f \u0627\u0644\u062a\u0637\u0628\u064a\u0642\u060c \u0648\u0644\u0643\u0646 \u0639\u0627\u062f\u0629\u064b \u0645\u0627 \u064a\u0632\u0648\u0644 \u0647\u0630\u0627 \u0627\u0644\u0627\u062d\u0645\u0631\u0627\u0631 \u0641\u064a \u063a\u0636\u0648\u0646 \u064a\u0648\u0645 \u0623\u0648 \u064a\u0648\u0645\u064a\u0646. \u062a\u064f\u0644\u0627\u062d\u0638 \u0627\u0644\u0622\u062b\u0627\u0631 \u0627\u0644\u0623\u0648\u0644\u0649 \u0641\u064a \u063a\u0636\u0648\u0646 \u0623\u0633\u0628\u0648\u0639 \u0623\u0648 \u0623\u0633\u0628\u0648\u0639\u064a\u0646\u060c \u0648\u062a\u0635\u0628\u062d \u0627\u0644\u0646\u062a\u0627\u0626\u062c \u0627\u0644\u0643\u0627\u0645\u0644\u0629 \u0648\u0627\u0636\u062d\u0629 \u0628\u0639\u062f 3-4 \u062c\u0644\u0633\u0627\u062a. \u0648\u0639\u0627\u062f\u0629\u064b \u0645\u0627 \u064a\u062a\u0645 \u062a\u0637\u0628\u064a\u0642 \u0627\u0644\u062c\u0644\u0633\u0627\u062a \u0628\u0641\u0627\u0635\u0644 3-4 \u0623\u0633\u0627\u0628\u064a\u0639.<\/p><p data-start=\"1127\" data-end=\"1355\"><strong data-start=\"1127\" data-end=\"1152\">\u0644\u0645\u0646 \u0647\u064a \u0645\u0646\u0627\u0633\u0628\u0629\u061f<\/strong><br data-start=\"1152\" data-end=\"1155\" \/>\u064a\u064f\u0639\u062f PRP \u0645\u0646\u0627\u0633\u0628\u0627\u064b \u0644\u062c\u0645\u064a\u0639 \u0627\u0644\u0631\u062c\u0627\u0644 \u0648\u0627\u0644\u0646\u0633\u0627\u0621 \u0627\u0644\u0630\u064a\u0646 \u064a\u0631\u063a\u0628\u0648\u0646 \u0641\u064a \u0625\u0646\u0639\u0627\u0634 \u0628\u0634\u0631\u062a\u0647\u0645 \u0623\u0648 \u062a\u0623\u062e\u064a\u0631 \u0638\u0647\u0648\u0631 \u0639\u0644\u0627\u0645\u0627\u062a \u0627\u0644\u0634\u064a\u062e\u0648\u062e\u0629 \u0623\u0648 \u0645\u0646\u0639 \u062a\u0633\u0627\u0642\u0637 \u0627\u0644\u0634\u0639\u0631. \u0648\u0628\u0645\u0627 \u0623\u0646\u0647 \u064a\u062a\u0645 \u0627\u0633\u062a\u062e\u062f\u0627\u0645 \u062f\u0645 \u0627\u0644\u0634\u062e\u0635 \u0646\u0641\u0633\u0647\u060c \u0641\u0625\u0646 \u062e\u0637\u0631 \u0627\u0644\u0625\u0635\u0627\u0628\u0629 \u0628\u0627\u0644\u062d\u0633\u0627\u0633\u064a\u0629 \u0636\u0626\u064a\u0644 \u0644\u0644\u063a\u0627\u064a\u0629.<\/p><p data-start=\"1357\" data-end=\"1445\">\u00a0<\/p>\t\t\t\t\t\t\t\t<\/div>\n\t\t\t\t<\/div>\n\t\t\t\t\t<\/div>\n\t\t\t\t<\/div>\n\t\t\t\t<\/div>","protected":false},"excerpt":{"rendered":"<p>Prp PRP (Platelet Rich Plasma) Nedir?PRP, ki\u015finin kendi kan\u0131ndan elde edilen trombosit y\u00f6n\u00fcnden zengin plazman\u0131n, cilt alt\u0131na enjekte edilerek doku [&hellip;]<\/p>","protected":false},"author":1,"featured_media":0,"parent":0,"menu_order":0,"comment_status":"closed","ping_status":"closed","template":"","meta":{"site-sidebar-layout":"no-sidebar","site-content-layout":"page-builder","ast-site-content-layout":"full-width-container","site-content-style":"default","site-sidebar-style":"default","ast-global-header-display":"","ast-banner-title-visibility":"","ast-main-header-display":"","ast-hfb-above-header-display":"","ast-hfb-below-header-display":"","ast-hfb-mobile-header-display":"","site-post-title":"disabled","ast-breadcrumbs-content":"","ast-featured-img":"disabled","footer-sml-layout":"","theme-transparent-header-meta":"","adv-header-id-meta":"","stick-header-meta":"","header-above-stick-meta":"","header-main-stick-meta":"","header-below-stick-meta":"","astra-migrate-meta-layouts":"default","ast-page-background-enabled":"default","ast-page-background-meta":{"desktop":{"background-color":"var(--ast-global-color-4)","background-image":"","background-repeat":"repeat","background-position":"center center","background-size":"auto","background-attachment":"scroll","background-type":"","background-media":"","overlay-type":"","overlay-color":"","overlay-opacity":"","overlay-gradient":""},"tablet":{"background-color":"","background-image":"","background-repeat":"repeat","background-position":"center center","background-size":"auto","background-attachment":"scroll","background-type":"","background-media":"","overlay-type":"","overlay-color":"","overlay-opacity":"","overlay-gradient":""},"mobile":{"background-color":"","background-image":"","background-repeat":"repeat","background-position":"center center","background-size":"auto","background-attachment":"scroll","background-type":"","background-media":"","overlay-type":"","overlay-color":"","overlay-opacity":"","overlay-gradient":""}},"ast-content-background-meta":{"desktop":{"background-color":"var(--ast-global-color-5)","background-image":"","background-repeat":"repeat","background-position":"center center","background-size":"auto","background-attachment":"scroll","background-type":"","background-media":"","overlay-type":"","overlay-color":"","overlay-opacity":"","overlay-gradient":""},"tablet":{"background-color":"var(--ast-global-color-5)","background-image":"","background-repeat":"repeat","background-position":"center center","background-size":"auto","background-attachment":"scroll","background-type":"","background-media":"","overlay-type":"","overlay-color":"","overlay-opacity":"","overlay-gradient":""},"mobile":{"background-color":"var(--ast-global-color-5)","background-image":"","background-repeat":"repeat","background-position":"center center","background-size":"auto","background-attachment":"scroll","background-type":"","background-media":"","overlay-type":"","overlay-color":"","overlay-opacity":"","overlay-gradient":""}},"footnotes":""},"class_list":["post-25542","page","type-page","status-publish","hentry"],"_links":{"self":[{"href":"https:\/\/www.drzubeydekuru.com\/ar\/wp-json\/wp\/v2\/pages\/25542","targetHints":{"allow":["GET"]}}],"collection":[{"href":"https:\/\/www.drzubeydekuru.com\/ar\/wp-json\/wp\/v2\/pages"}],"about":[{"href":"https:\/\/www.drzubeydekuru.com\/ar\/wp-json\/wp\/v2\/types\/page"}],"author":[{"embeddable":true,"href":"https:\/\/www.drzubeydekuru.com\/ar\/wp-json\/wp\/v2\/users\/1"}],"replies":[{"embeddable":true,"href":"https:\/\/www.drzubeydekuru.com\/ar\/wp-json\/wp\/v2\/comments?post=25542"}],"version-history":[{"count":4,"href":"https:\/\/www.drzubeydekuru.com\/ar\/wp-json\/wp\/v2\/pages\/25542\/revisions"}],"predecessor-version":[{"id":25546,"href":"https:\/\/www.drzubeydekuru.com\/ar\/wp-json\/wp\/v2\/pages\/25542\/revisions\/25546"}],"wp:attachment":[{"href":"https:\/\/www.drzubeydekuru.com\/ar\/wp-json\/wp\/v2\/media?parent=25542"}],"curies":[{"name":"wp","href":"https:\/\/api.w.org\/{rel}","templated":true}]}}